{"id":41,"date":"2024-03-24T16:28:08","date_gmt":"2024-03-24T15:28:08","guid":{"rendered":"http:\/\/viroos.vqq.pl\/index.php\/front-page\/"},"modified":"2025-09-01T17:01:06","modified_gmt":"2025-09-01T15:01:06","slug":"front-page","status":"publish","type":"page","link":"https:\/\/viroos.vqq.pl\/index.php\/front-page\/","title":{"rendered":"Viroos.vqq.pl"},"content":{"rendered":"\n<div class=\"site-branding-text\">\n<p>Bezpieczne poruszanie si\u0119 po sieci internetowej to przede wszystkim kwestia&nbsp; rozwagi i \u015bwiadomych wybor\u00f3w. Dbanie o swoje dane, weryfikacja ofert i weryfikowanie podejrzanych stron pozwalaj\u0105 unikn\u0105\u0107 nieprzyjemnych sytuacji. Internet mo\u017ce by\u0107 \u015bwietnym miejscem, pod warunkiem, \u017ce korzystamy z niego z rozwag\u0105.<\/p>\n<\/div>\n\n\n\n<p>&nbsp;<\/p>\n\n\n\n<div class=\"site-branding-text\">\n<h3 style=\"text-align: center;\">&#8211; strefa promocji w granicach zdrowego rozs\u0105dku &#8211;<\/h3>\n<\/div>\n\n\n\n<figure class=\"wp-block-image aligncenter is-resized\"><img loading=\"lazy\" decoding=\"async\" width=\"300\" height=\"111\" src=\"https:\/\/viroos.vqq.pl\/wp-content\/uploads\/2025\/01\/cropped-viroos-vqq.pl-prost-sm-300x111.png\" alt=\"strefa promocji\" class=\"wp-image-114\" style=\"width:197px;height:auto\" srcset=\"https:\/\/viroos.vqq.pl\/wp-content\/uploads\/2025\/01\/cropped-viroos-vqq.pl-prost-sm-300x111.png 300w, https:\/\/viroos.vqq.pl\/wp-content\/uploads\/2025\/01\/cropped-viroos-vqq.pl-prost-sm.png 350w\" sizes=\"auto, (max-width: 300px) 100vw, 300px\" \/><\/figure>\n\n\n\n<p><\/p>\n","protected":false},"excerpt":{"rendered":"<p>Bezpieczne poruszanie si\u0119 po sieci internetowej to przede wszystkim kwestia&nbsp; rozwagi i \u015bwiadomych wybor\u00f3w. Dbanie o swoje dane, weryfikacja ofert i weryfikowanie podejrzanych stron pozwalaj\u0105 unikn\u0105\u0107 nieprzyjemnych sytuacji. Internet mo\u017ce by\u0107 \u015bwietnym miejscem, pod warunkiem, \u017ce korzystamy z niego z rozwag\u0105. &nbsp; &#8211; strefa promocji w granicach zdrowego rozs\u0105dku &#8211;<\/p>\n","protected":false},"author":1,"featured_media":0,"parent":0,"menu_order":0,"comment_status":"closed","ping_status":"closed","template":"","meta":{"footnotes":""},"class_list":["post-41","page","type-page","status-publish","hentry"],"yoast_head":"<!-- This site is optimized with the Yoast SEO plugin v27.3 - https:\/\/yoast.com\/product\/yoast-seo-wordpress\/ -->\n<title>Viroos.vqq.pl - viRoos na Vqq<\/title>\n<meta name=\"description\" content=\"viroos vqq pl - kilka temat\u00f3w przewodnich w oczywistym kontek\u015bcie\" \/>\n<meta name=\"robots\" content=\"index, follow, max-snippet:-1, max-image-preview:large, max-video-preview:-1\" \/>\n<link rel=\"canonical\" href=\"https:\/\/viroos.vqq.pl\/index.php\/front-page\/\" \/>\n<meta property=\"og:locale\" content=\"pl_PL\" \/>\n<meta property=\"og:type\" content=\"article\" \/>\n<meta property=\"og:title\" content=\"Viroos.vqq.pl - viRoos na Vqq\" \/>\n<meta property=\"og:description\" content=\"viroos vqq pl - kilka temat\u00f3w przewodnich w oczywistym kontek\u015bcie\" \/>\n<meta property=\"og:url\" content=\"https:\/\/viroos.vqq.pl\/index.php\/front-page\/\" \/>\n<meta property=\"og:site_name\" content=\"viRoos na Vqq\" \/>\n<meta property=\"article:modified_time\" content=\"2025-09-01T15:01:06+00:00\" \/>\n<meta property=\"og:image\" content=\"https:\/\/viroos.vqq.pl\/wp-content\/uploads\/2025\/01\/cropped-viroos-vqq.pl-prost-sm.png\" \/>\n\t<meta property=\"og:image:width\" content=\"350\" \/>\n\t<meta property=\"og:image:height\" content=\"130\" \/>\n\t<meta property=\"og:image:type\" content=\"image\/png\" \/>\n<meta name=\"twitter:card\" content=\"summary_large_image\" \/>\n<meta name=\"twitter:label1\" content=\"Szacowany czas czytania\" \/>\n\t<meta name=\"twitter:data1\" content=\"1 minuta\" \/>\n<script type=\"application\/ld+json\" class=\"yoast-schema-graph\">{\"@context\":\"https:\\\/\\\/schema.org\",\"@graph\":[{\"@type\":\"WebPage\",\"@id\":\"https:\\\/\\\/viroos.vqq.pl\\\/index.php\\\/front-page\\\/\",\"url\":\"https:\\\/\\\/viroos.vqq.pl\\\/index.php\\\/front-page\\\/\",\"name\":\"Viroos.vqq.pl - viRoos na Vqq\",\"isPartOf\":{\"@id\":\"https:\\\/\\\/viroos.vqq.pl\\\/#website\"},\"primaryImageOfPage\":{\"@id\":\"https:\\\/\\\/viroos.vqq.pl\\\/index.php\\\/front-page\\\/#primaryimage\"},\"image\":{\"@id\":\"https:\\\/\\\/viroos.vqq.pl\\\/index.php\\\/front-page\\\/#primaryimage\"},\"thumbnailUrl\":\"https:\\\/\\\/viroos.vqq.pl\\\/wp-content\\\/uploads\\\/2025\\\/01\\\/cropped-viroos-vqq.pl-prost-sm-300x111.png\",\"datePublished\":\"2024-03-24T15:28:08+00:00\",\"dateModified\":\"2025-09-01T15:01:06+00:00\",\"description\":\"viroos vqq pl - kilka temat\u00f3w przewodnich w oczywistym kontek\u015bcie\",\"breadcrumb\":{\"@id\":\"https:\\\/\\\/viroos.vqq.pl\\\/index.php\\\/front-page\\\/#breadcrumb\"},\"inLanguage\":\"pl-PL\",\"potentialAction\":[{\"@type\":\"ReadAction\",\"target\":[\"https:\\\/\\\/viroos.vqq.pl\\\/index.php\\\/front-page\\\/\"]}]},{\"@type\":\"ImageObject\",\"inLanguage\":\"pl-PL\",\"@id\":\"https:\\\/\\\/viroos.vqq.pl\\\/index.php\\\/front-page\\\/#primaryimage\",\"url\":\"https:\\\/\\\/viroos.vqq.pl\\\/wp-content\\\/uploads\\\/2025\\\/01\\\/cropped-viroos-vqq.pl-prost-sm.png\",\"contentUrl\":\"https:\\\/\\\/viroos.vqq.pl\\\/wp-content\\\/uploads\\\/2025\\\/01\\\/cropped-viroos-vqq.pl-prost-sm.png\",\"width\":350,\"height\":130,\"caption\":\"strefa promocji\"},{\"@type\":\"BreadcrumbList\",\"@id\":\"https:\\\/\\\/viroos.vqq.pl\\\/index.php\\\/front-page\\\/#breadcrumb\",\"itemListElement\":[{\"@type\":\"ListItem\",\"position\":1,\"name\":\"Strona g\u0142\u00f3wna\",\"item\":\"https:\\\/\\\/viroos.vqq.pl\\\/\"},{\"@type\":\"ListItem\",\"position\":2,\"name\":\"Viroos.vqq.pl\"}]},{\"@type\":\"WebSite\",\"@id\":\"https:\\\/\\\/viroos.vqq.pl\\\/#website\",\"url\":\"https:\\\/\\\/viroos.vqq.pl\\\/\",\"name\":\"vqq.pl\",\"description\":\"strefa promocji w granicach zdrowego rozs\u0105dku\",\"publisher\":{\"@id\":\"https:\\\/\\\/viroos.vqq.pl\\\/#organization\"},\"potentialAction\":[{\"@type\":\"SearchAction\",\"target\":{\"@type\":\"EntryPoint\",\"urlTemplate\":\"https:\\\/\\\/viroos.vqq.pl\\\/?s={search_term_string}\"},\"query-input\":{\"@type\":\"PropertyValueSpecification\",\"valueRequired\":true,\"valueName\":\"search_term_string\"}}],\"inLanguage\":\"pl-PL\"},{\"@type\":\"Organization\",\"@id\":\"https:\\\/\\\/viroos.vqq.pl\\\/#organization\",\"name\":\"vqq.pl\",\"url\":\"https:\\\/\\\/viroos.vqq.pl\\\/\",\"logo\":{\"@type\":\"ImageObject\",\"inLanguage\":\"pl-PL\",\"@id\":\"https:\\\/\\\/viroos.vqq.pl\\\/#\\\/schema\\\/logo\\\/image\\\/\",\"url\":\"https:\\\/\\\/viroos.vqq.pl\\\/wp-content\\\/uploads\\\/2025\\\/01\\\/vqq-logo.png\",\"contentUrl\":\"https:\\\/\\\/viroos.vqq.pl\\\/wp-content\\\/uploads\\\/2025\\\/01\\\/vqq-logo.png\",\"width\":526,\"height\":526,\"caption\":\"vqq.pl\"},\"image\":{\"@id\":\"https:\\\/\\\/viroos.vqq.pl\\\/#\\\/schema\\\/logo\\\/image\\\/\"}}]}<\/script>\n<!-- \/ Yoast SEO plugin. -->","yoast_head_json":{"title":"Viroos.vqq.pl - viRoos na Vqq","description":"viroos vqq pl - kilka temat\u00f3w przewodnich w oczywistym kontek\u015bcie","robots":{"index":"index","follow":"follow","max-snippet":"max-snippet:-1","max-image-preview":"max-image-preview:large","max-video-preview":"max-video-preview:-1"},"canonical":"https:\/\/viroos.vqq.pl\/index.php\/front-page\/","og_locale":"pl_PL","og_type":"article","og_title":"Viroos.vqq.pl - viRoos na Vqq","og_description":"viroos vqq pl - kilka temat\u00f3w przewodnich w oczywistym kontek\u015bcie","og_url":"https:\/\/viroos.vqq.pl\/index.php\/front-page\/","og_site_name":"viRoos na Vqq","article_modified_time":"2025-09-01T15:01:06+00:00","og_image":[{"width":350,"height":130,"url":"https:\/\/viroos.vqq.pl\/wp-content\/uploads\/2025\/01\/cropped-viroos-vqq.pl-prost-sm.png","type":"image\/png"}],"twitter_card":"summary_large_image","twitter_misc":{"Szacowany czas czytania":"1 minuta"},"schema":{"@context":"https:\/\/schema.org","@graph":[{"@type":"WebPage","@id":"https:\/\/viroos.vqq.pl\/index.php\/front-page\/","url":"https:\/\/viroos.vqq.pl\/index.php\/front-page\/","name":"Viroos.vqq.pl - viRoos na Vqq","isPartOf":{"@id":"https:\/\/viroos.vqq.pl\/#website"},"primaryImageOfPage":{"@id":"https:\/\/viroos.vqq.pl\/index.php\/front-page\/#primaryimage"},"image":{"@id":"https:\/\/viroos.vqq.pl\/index.php\/front-page\/#primaryimage"},"thumbnailUrl":"https:\/\/viroos.vqq.pl\/wp-content\/uploads\/2025\/01\/cropped-viroos-vqq.pl-prost-sm-300x111.png","datePublished":"2024-03-24T15:28:08+00:00","dateModified":"2025-09-01T15:01:06+00:00","description":"viroos vqq pl - kilka temat\u00f3w przewodnich w oczywistym kontek\u015bcie","breadcrumb":{"@id":"https:\/\/viroos.vqq.pl\/index.php\/front-page\/#breadcrumb"},"inLanguage":"pl-PL","potentialAction":[{"@type":"ReadAction","target":["https:\/\/viroos.vqq.pl\/index.php\/front-page\/"]}]},{"@type":"ImageObject","inLanguage":"pl-PL","@id":"https:\/\/viroos.vqq.pl\/index.php\/front-page\/#primaryimage","url":"https:\/\/viroos.vqq.pl\/wp-content\/uploads\/2025\/01\/cropped-viroos-vqq.pl-prost-sm.png","contentUrl":"https:\/\/viroos.vqq.pl\/wp-content\/uploads\/2025\/01\/cropped-viroos-vqq.pl-prost-sm.png","width":350,"height":130,"caption":"strefa promocji"},{"@type":"BreadcrumbList","@id":"https:\/\/viroos.vqq.pl\/index.php\/front-page\/#breadcrumb","itemListElement":[{"@type":"ListItem","position":1,"name":"Strona g\u0142\u00f3wna","item":"https:\/\/viroos.vqq.pl\/"},{"@type":"ListItem","position":2,"name":"Viroos.vqq.pl"}]},{"@type":"WebSite","@id":"https:\/\/viroos.vqq.pl\/#website","url":"https:\/\/viroos.vqq.pl\/","name":"vqq.pl","description":"strefa promocji w granicach zdrowego rozs\u0105dku","publisher":{"@id":"https:\/\/viroos.vqq.pl\/#organization"},"potentialAction":[{"@type":"SearchAction","target":{"@type":"EntryPoint","urlTemplate":"https:\/\/viroos.vqq.pl\/?s={search_term_string}"},"query-input":{"@type":"PropertyValueSpecification","valueRequired":true,"valueName":"search_term_string"}}],"inLanguage":"pl-PL"},{"@type":"Organization","@id":"https:\/\/viroos.vqq.pl\/#organization","name":"vqq.pl","url":"https:\/\/viroos.vqq.pl\/","logo":{"@type":"ImageObject","inLanguage":"pl-PL","@id":"https:\/\/viroos.vqq.pl\/#\/schema\/logo\/image\/","url":"https:\/\/viroos.vqq.pl\/wp-content\/uploads\/2025\/01\/vqq-logo.png","contentUrl":"https:\/\/viroos.vqq.pl\/wp-content\/uploads\/2025\/01\/vqq-logo.png","width":526,"height":526,"caption":"vqq.pl"},"image":{"@id":"https:\/\/viroos.vqq.pl\/#\/schema\/logo\/image\/"}}]}},"_links":{"self":[{"href":"https:\/\/viroos.vqq.pl\/index.php\/wp-json\/wp\/v2\/pages\/41","targetHints":{"allow":["GET"]}}],"collection":[{"href":"https:\/\/viroos.vqq.pl\/index.php\/wp-json\/wp\/v2\/pages"}],"about":[{"href":"https:\/\/viroos.vqq.pl\/index.php\/wp-json\/wp\/v2\/types\/page"}],"author":[{"embeddable":true,"href":"https:\/\/viroos.vqq.pl\/index.php\/wp-json\/wp\/v2\/users\/1"}],"replies":[{"embeddable":true,"href":"https:\/\/viroos.vqq.pl\/index.php\/wp-json\/wp\/v2\/comments?post=41"}],"version-history":[{"count":13,"href":"https:\/\/viroos.vqq.pl\/index.php\/wp-json\/wp\/v2\/pages\/41\/revisions"}],"predecessor-version":[{"id":253,"href":"https:\/\/viroos.vqq.pl\/index.php\/wp-json\/wp\/v2\/pages\/41\/revisions\/253"}],"wp:attachment":[{"href":"https:\/\/viroos.vqq.pl\/index.php\/wp-json\/wp\/v2\/media?parent=41"}],"curies":[{"name":"wp","href":"https:\/\/api.w.org\/{rel}","templated":true}]}}