{"id":68,"date":"2025-01-08T17:52:18","date_gmt":"2025-01-08T16:52:18","guid":{"rendered":"https:\/\/viroos.vqq.pl\/?page_id=68"},"modified":"2025-09-01T16:57:43","modified_gmt":"2025-09-01T14:57:43","slug":"lifting-hifu-zabieg-liftingujacy","status":"publish","type":"page","link":"https:\/\/viroos.vqq.pl\/index.php\/salon-kosmetyczny-jak-wybierac\/lifting-hifu-zabieg-liftingujacy\/","title":{"rendered":"Lifting HIFU 4D &#8211; Zabieg Liftinguj\u0105cy"},"content":{"rendered":"\n<h3 class=\"wp-block-heading\"><strong>Czym jest HIFU 4D?<\/strong><\/h3>\n\n\n\n<p><a href=\"https:\/\/www.oriental.com.pl\/zabiegi\/hifu-opole\/\">HIFU 4D (High-Intensity Focused Ultrasound) to nowoczesna<\/a>, nieinwazyjna metoda liftingu i uj\u0119drniania sk\u00f3ry, kt\u00f3ra zdobywa coraz wi\u0119ksz\u0105 popularno\u015b\u0107 w salonach kosmetologicznych. Technologia ta wykorzystuje skoncentrowane ultrad\u017awi\u0119ki o wysokiej cz\u0119stotliwo\u015bci, aby stymulowa\u0107 g\u0142\u0119bsze warstwy sk\u00f3ry i tkanki, prowadz\u0105c do efektu naturalnego napi\u0119cia i wyg\u0142adzenia.<\/p>\n\n\n\n<!--more-->\n\n\n\n<h2 class=\"wp-block-heading\"><strong>Jak dzia\u0142a <a href=\"https:\/\/oriental.com.pl\/zabiegi\/hifu-opole\/\">zabieg HIFU 4D<\/a>?<\/strong><\/h2>\n\n\n\n<p>Podczas zabiegu HIFU 4D fale ultrad\u017awi\u0119kowe przenikaj\u0105 przez powierzchni\u0119 sk\u00f3ry, docieraj\u0105c do jej g\u0119bszych warstw, w tym do SMAS (Superficial Musculoaponeurotic System) \u2013 warstwy odpowiedzialnej za podtrzymywanie struktury twarzy. Dzia\u0142anie HIFU powoduje mikrouszkodzenia, kt\u00f3re stymuluj\u0105 naturaln\u0105 regeneracj\u0119 i produkcj\u0119 nowego kolagenu. W rezultacie sk\u00f3ra staje si\u0119 bardziej napi\u0119ta, elastyczna i odm\u0142odzona.<\/p>\n\n\n\n<h2 class=\"wp-block-heading\"><strong>Zalety zabiegu HIFU 4D<\/strong><\/h2>\n\n\n\n<ol class=\"wp-block-list\">\n<li><strong>Bezoperacyjny lifting<\/strong> \u2013 HIFU 4D to doskona\u0142a alternatywa dla tradycyjnych operacji plastycznych. Zabieg jest bezinwazyjny i nie wymaga d\u0142ugiego okresu rekonwalescencji.<\/li>\n\n\n\n<li><strong>Naturalne efekty<\/strong> \u2013 Sk\u00f3ra odzyskuje m\u0142odzie\u0144czy wygl\u0105d, zachowuj\u0105c przy tym naturalny wyraz twarzy.<\/li>\n\n\n\n<li><strong>D\u0142ugotrwa\u0142e rezultaty<\/strong> \u2013 Efekty s\u0105 widoczne ju\u017c po jednokrotnym zabiegu, a pe\u0142ny rezultat rozwija si\u0119 stopniowo w ci\u0105gu kilku miesi\u0119cy i mo\u017ce utrzymywa\u0107 si\u0119 nawet do 2 lat.<\/li>\n\n\n\n<li><strong>Szerokie zastosowanie<\/strong> \u2013 Zabieg mo\u017ce by\u0107 wykonywany na twarzy, szyi, dekolcie, a tak\u017ce na innych partiach cia\u0142a wymagaj\u0105cych uj\u0119drnienia i poprawy napi\u0119cia sk\u00f3ry.<\/li>\n<\/ol>\n\n\n\n<h3 class=\"wp-block-heading\"><strong>Wskazania do zabiegu<\/strong><\/h3>\n\n\n\n<ul class=\"wp-block-list\">\n<li>Opadanie owalu twarzy<\/li>\n\n\n\n<li>Zmarszczki i bruzdy nosowo-wargowe<\/li>\n\n\n\n<li>Utrata elastyczno\u015bci sk\u00f3ry<\/li>\n\n\n\n<li>Opadanie powiek<\/li>\n\n\n\n<li>Podw\u00f3jny podbr\u00f3dek<\/li>\n\n\n\n<li>Wiotczenie sk\u00f3ry na szyi i dekolcie<\/li>\n<\/ul>\n\n\n\n<h3 class=\"wp-block-heading\"><strong>Przebieg zabiegu <a href=\"https:\/\/www.oriental.com.pl\/zabiegi\/hifu-4d\/\" target=\"_blank\" rel=\"noopener\">HIFU&nbsp;<\/a><\/strong><\/h3>\n\n\n\n<p>Zabieg trwa od 30 minut do 2 godzin, w zale\u017cno\u015bci od obszaru poddanego terapii. Przed jego rozpocz\u0119ciem sk\u00f3ra zostaje oczyszczona i nawil\u017cona. Nast\u0119pnie kosmetolog przyk\u0142ada g\u0142owic\u0119 HIFU do wybranych obszar\u00f3w, emituj\u0105c fale ultrad\u017awi\u0119kowe na r\u00f3\u017cnych g\u0142\u0119boko\u015bciach. Pacjent mo\u017ce odczuwa\u0107 lekkie uk\u0142ucia i ciep\u0142o, co jest zupe\u0142nie normalnym zjawiskiem.<\/p>\n\n\n\n<h3 class=\"wp-block-heading\"><strong>Efekty i rekonwalescencja<\/strong><\/h3>\n\n\n\n<p>Bezpo\u015brednio po zabiegu sk\u00f3ra mo\u017ce by\u0107 nieznacznie zaczerwieniona, jednak efekt ten zanika po kilku godzinach. Proces regeneracji i przebudowy kolagenu trwa od 2 do 3 miesi\u0119cy, a pe\u0142ne efekty s\u0105 widoczne po oko\u0142o 90 dniach.<\/p>\n\n\n\n<h3 class=\"wp-block-heading\"><strong>Przeciwwskazania<\/strong><\/h3>\n\n\n\n<ul class=\"wp-block-list\">\n<li>Ci\u0105\u017ca i okres karmienia piersi\u0105<\/li>\n\n\n\n<li>Choroby nowotworowe<\/li>\n\n\n\n<li>Infekcje i stany zapalne sk\u00f3ry w miejscu zabiegu<\/li>\n\n\n\n<li>Otwarte rany<\/li>\n\n\n\n<li>Metalowe implanty w obszarze zabiegowym<\/li>\n<\/ul>\n\n\n\n<h3 class=\"wp-block-heading\"><strong>Podsumowanie<\/strong><\/h3>\n\n\n\n<p><\/p>\n\n\n\n<p>HIFU 4D to prze\u0142omowy zabieg w kosmetologii, kt\u00f3ry pozwala na skuteczne odm\u0142odzenie i lifting sk\u00f3ry bez konieczno\u015bci poddawania si\u0119 operacjom. Bezpiecze\u0144stwo, skuteczno\u015b\u0107 oraz d\u0142ugotrwa\u0142e rezultaty sprawiaj\u0105, \u017ce jest to jedna z najch\u0119tniej wybieranych metod w nowoczesnych gabinetach kosmetologicznych. Je\u015bli marzysz o m\u0142odszej, bardziej napi\u0119tej sk\u00f3rze, <a href=\"https:\/\/oriental.com.pl\/zabiegi\/hifu-opole\/\">HIFU 4D<\/a> to rozwi\u0105zanie idealne dla Ciebie.<br><\/p>\n\n\n\n<p>zapraszamy do zapoznania si\u0119 z tematem: <a href=\"https:\/\/viroos.vqq.pl\/index.php\/salon-kosmetyczny-jak-wybierac\/makijaz-permanentny\/\" target=\"_blank\" rel=\"noopener\"><strong>makija\u017c permanentny<\/strong><\/a><br><\/p>\n\n\n\n<figure class=\"wp-block-image\"><img loading=\"lazy\" decoding=\"async\" width=\"300\" height=\"300\" src=\"https:\/\/viroos.vqq.pl\/wp-content\/uploads\/2025\/01\/viroos-vqq.pl-kw-300x300.png\" alt=\"hifu\" class=\"wp-image-106\" srcset=\"https:\/\/viroos.vqq.pl\/wp-content\/uploads\/2025\/01\/viroos-vqq.pl-kw-300x300.png 300w, https:\/\/viroos.vqq.pl\/wp-content\/uploads\/2025\/01\/viroos-vqq.pl-kw-150x150.png 150w, https:\/\/viroos.vqq.pl\/wp-content\/uploads\/2025\/01\/viroos-vqq.pl-kw-768x768.png 768w, https:\/\/viroos.vqq.pl\/wp-content\/uploads\/2025\/01\/viroos-vqq.pl-kw.png 940w\" sizes=\"auto, (max-width: 300px) 100vw, 300px\" \/><\/figure>\n\n\n\n<p class=\"has-text-align-center\"><\/p>\n\n\n\n<p><\/p>\n\n\n\n<p>&nbsp;<\/p>\n","protected":false},"excerpt":{"rendered":"<p>Czym jest HIFU 4D? HIFU 4D (High-Intensity Focused Ultrasound) to nowoczesna, nieinwazyjna metoda liftingu i uj\u0119drniania sk\u00f3ry, kt\u00f3ra zdobywa coraz wi\u0119ksz\u0105 popularno\u015b\u0107 w salonach kosmetologicznych. Technologia ta wykorzystuje skoncentrowane ultrad\u017awi\u0119ki o wysokiej cz\u0119stotliwo\u015bci, aby stymulowa\u0107 g\u0142\u0119bsze warstwy sk\u00f3ry i tkanki, prowadz\u0105c do efektu naturalnego napi\u0119cia i wyg\u0142adzenia.<\/p>\n","protected":false},"author":1,"featured_media":69,"parent":152,"menu_order":0,"comment_status":"closed","ping_status":"closed","template":"","meta":{"footnotes":""},"class_list":["post-68","page","type-page","status-publish","has-post-thumbnail","hentry"],"yoast_head":"<!-- This site is optimized with the Yoast SEO plugin v27.3 - https:\/\/yoast.com\/product\/yoast-seo-wordpress\/ -->\n<title>Lifting HIFU 4D - Zabieg Liftinguj\u0105cy - viRoos na Vqq<\/title>\n<meta name=\"description\" content=\"lifting HIFU Opole - sprawd\u017a najistotniejsze informacje dotycz\u0105ce tej metody liftingu i zapoznaj si\u0119 z mo\u017cliwo\u015bciami wykonania go w Opole.\" \/>\n<meta name=\"robots\" content=\"index, follow, max-snippet:-1, max-image-preview:large, max-video-preview:-1\" \/>\n<link rel=\"canonical\" href=\"https:\/\/viroos.vqq.pl\/index.php\/salon-kosmetyczny-jak-wybierac\/lifting-hifu-zabieg-liftingujacy\/\" \/>\n<meta property=\"og:locale\" content=\"pl_PL\" \/>\n<meta property=\"og:type\" content=\"article\" \/>\n<meta property=\"og:title\" content=\"Lifting HIFU 4D - Zabieg Liftinguj\u0105cy - viRoos na Vqq\" \/>\n<meta property=\"og:description\" content=\"lifting HIFU Opole - sprawd\u017a najistotniejsze informacje dotycz\u0105ce tej metody liftingu i zapoznaj si\u0119 z mo\u017cliwo\u015bciami wykonania go w Opole.\" \/>\n<meta property=\"og:url\" content=\"https:\/\/viroos.vqq.pl\/index.php\/salon-kosmetyczny-jak-wybierac\/lifting-hifu-zabieg-liftingujacy\/\" \/>\n<meta property=\"og:site_name\" content=\"viRoos na Vqq\" \/>\n<meta property=\"article:modified_time\" content=\"2025-09-01T14:57:43+00:00\" \/>\n<meta property=\"og:image\" content=\"https:\/\/viroos.vqq.pl\/wp-content\/uploads\/2025\/01\/Hifu-Opole-efekty-twarz.webp\" \/>\n\t<meta property=\"og:image:width\" content=\"791\" \/>\n\t<meta property=\"og:image:height\" content=\"451\" \/>\n\t<meta property=\"og:image:type\" content=\"image\/webp\" \/>\n<meta name=\"twitter:card\" content=\"summary_large_image\" \/>\n<meta name=\"twitter:label1\" content=\"Szacowany czas czytania\" \/>\n\t<meta name=\"twitter:data1\" content=\"3 minuty\" \/>\n<script type=\"application\/ld+json\" class=\"yoast-schema-graph\">{\"@context\":\"https:\\\/\\\/schema.org\",\"@graph\":[{\"@type\":\"WebPage\",\"@id\":\"https:\\\/\\\/viroos.vqq.pl\\\/index.php\\\/salon-kosmetyczny-jak-wybierac\\\/lifting-hifu-zabieg-liftingujacy\\\/\",\"url\":\"https:\\\/\\\/viroos.vqq.pl\\\/index.php\\\/salon-kosmetyczny-jak-wybierac\\\/lifting-hifu-zabieg-liftingujacy\\\/\",\"name\":\"Lifting HIFU 4D - Zabieg Liftinguj\u0105cy - viRoos na Vqq\",\"isPartOf\":{\"@id\":\"https:\\\/\\\/viroos.vqq.pl\\\/#website\"},\"primaryImageOfPage\":{\"@id\":\"https:\\\/\\\/viroos.vqq.pl\\\/index.php\\\/salon-kosmetyczny-jak-wybierac\\\/lifting-hifu-zabieg-liftingujacy\\\/#primaryimage\"},\"image\":{\"@id\":\"https:\\\/\\\/viroos.vqq.pl\\\/index.php\\\/salon-kosmetyczny-jak-wybierac\\\/lifting-hifu-zabieg-liftingujacy\\\/#primaryimage\"},\"thumbnailUrl\":\"https:\\\/\\\/viroos.vqq.pl\\\/wp-content\\\/uploads\\\/2025\\\/01\\\/Hifu-Opole-efekty-twarz.webp\",\"datePublished\":\"2025-01-08T16:52:18+00:00\",\"dateModified\":\"2025-09-01T14:57:43+00:00\",\"description\":\"lifting HIFU Opole - sprawd\u017a najistotniejsze informacje dotycz\u0105ce tej metody liftingu i zapoznaj si\u0119 z mo\u017cliwo\u015bciami wykonania go w Opole.\",\"breadcrumb\":{\"@id\":\"https:\\\/\\\/viroos.vqq.pl\\\/index.php\\\/salon-kosmetyczny-jak-wybierac\\\/lifting-hifu-zabieg-liftingujacy\\\/#breadcrumb\"},\"inLanguage\":\"pl-PL\",\"potentialAction\":[{\"@type\":\"ReadAction\",\"target\":[\"https:\\\/\\\/viroos.vqq.pl\\\/index.php\\\/salon-kosmetyczny-jak-wybierac\\\/lifting-hifu-zabieg-liftingujacy\\\/\"]}]},{\"@type\":\"ImageObject\",\"inLanguage\":\"pl-PL\",\"@id\":\"https:\\\/\\\/viroos.vqq.pl\\\/index.php\\\/salon-kosmetyczny-jak-wybierac\\\/lifting-hifu-zabieg-liftingujacy\\\/#primaryimage\",\"url\":\"https:\\\/\\\/viroos.vqq.pl\\\/wp-content\\\/uploads\\\/2025\\\/01\\\/Hifu-Opole-efekty-twarz.webp\",\"contentUrl\":\"https:\\\/\\\/viroos.vqq.pl\\\/wp-content\\\/uploads\\\/2025\\\/01\\\/Hifu-Opole-efekty-twarz.webp\",\"width\":791,\"height\":451,\"caption\":\"Lifting HIFU 4d\"},{\"@type\":\"BreadcrumbList\",\"@id\":\"https:\\\/\\\/viroos.vqq.pl\\\/index.php\\\/salon-kosmetyczny-jak-wybierac\\\/lifting-hifu-zabieg-liftingujacy\\\/#breadcrumb\",\"itemListElement\":[{\"@type\":\"ListItem\",\"position\":1,\"name\":\"Strona g\u0142\u00f3wna\",\"item\":\"https:\\\/\\\/viroos.vqq.pl\\\/\"},{\"@type\":\"ListItem\",\"position\":2,\"name\":\"Salon kosmetyczny &#8211; jak wybiera\u0107?\",\"item\":\"https:\\\/\\\/viroos.vqq.pl\\\/index.php\\\/salon-kosmetyczny-jak-wybierac\\\/\"},{\"@type\":\"ListItem\",\"position\":3,\"name\":\"Lifting HIFU 4D &#8211; Zabieg Liftinguj\u0105cy\"}]},{\"@type\":\"WebSite\",\"@id\":\"https:\\\/\\\/viroos.vqq.pl\\\/#website\",\"url\":\"https:\\\/\\\/viroos.vqq.pl\\\/\",\"name\":\"vqq.pl\",\"description\":\"strefa promocji w granicach zdrowego rozs\u0105dku\",\"publisher\":{\"@id\":\"https:\\\/\\\/viroos.vqq.pl\\\/#organization\"},\"potentialAction\":[{\"@type\":\"SearchAction\",\"target\":{\"@type\":\"EntryPoint\",\"urlTemplate\":\"https:\\\/\\\/viroos.vqq.pl\\\/?s={search_term_string}\"},\"query-input\":{\"@type\":\"PropertyValueSpecification\",\"valueRequired\":true,\"valueName\":\"search_term_string\"}}],\"inLanguage\":\"pl-PL\"},{\"@type\":\"Organization\",\"@id\":\"https:\\\/\\\/viroos.vqq.pl\\\/#organization\",\"name\":\"vqq.pl\",\"url\":\"https:\\\/\\\/viroos.vqq.pl\\\/\",\"logo\":{\"@type\":\"ImageObject\",\"inLanguage\":\"pl-PL\",\"@id\":\"https:\\\/\\\/viroos.vqq.pl\\\/#\\\/schema\\\/logo\\\/image\\\/\",\"url\":\"https:\\\/\\\/viroos.vqq.pl\\\/wp-content\\\/uploads\\\/2025\\\/01\\\/vqq-logo.png\",\"contentUrl\":\"https:\\\/\\\/viroos.vqq.pl\\\/wp-content\\\/uploads\\\/2025\\\/01\\\/vqq-logo.png\",\"width\":526,\"height\":526,\"caption\":\"vqq.pl\"},\"image\":{\"@id\":\"https:\\\/\\\/viroos.vqq.pl\\\/#\\\/schema\\\/logo\\\/image\\\/\"}}]}<\/script>\n<!-- \/ Yoast SEO plugin. -->","yoast_head_json":{"title":"Lifting HIFU 4D - Zabieg Liftinguj\u0105cy - viRoos na Vqq","description":"lifting HIFU Opole - sprawd\u017a najistotniejsze informacje dotycz\u0105ce tej metody liftingu i zapoznaj si\u0119 z mo\u017cliwo\u015bciami wykonania go w Opole.","robots":{"index":"index","follow":"follow","max-snippet":"max-snippet:-1","max-image-preview":"max-image-preview:large","max-video-preview":"max-video-preview:-1"},"canonical":"https:\/\/viroos.vqq.pl\/index.php\/salon-kosmetyczny-jak-wybierac\/lifting-hifu-zabieg-liftingujacy\/","og_locale":"pl_PL","og_type":"article","og_title":"Lifting HIFU 4D - Zabieg Liftinguj\u0105cy - viRoos na Vqq","og_description":"lifting HIFU Opole - sprawd\u017a najistotniejsze informacje dotycz\u0105ce tej metody liftingu i zapoznaj si\u0119 z mo\u017cliwo\u015bciami wykonania go w Opole.","og_url":"https:\/\/viroos.vqq.pl\/index.php\/salon-kosmetyczny-jak-wybierac\/lifting-hifu-zabieg-liftingujacy\/","og_site_name":"viRoos na Vqq","article_modified_time":"2025-09-01T14:57:43+00:00","og_image":[{"width":791,"height":451,"url":"https:\/\/viroos.vqq.pl\/wp-content\/uploads\/2025\/01\/Hifu-Opole-efekty-twarz.webp","type":"image\/webp"}],"twitter_card":"summary_large_image","twitter_misc":{"Szacowany czas czytania":"3 minuty"},"schema":{"@context":"https:\/\/schema.org","@graph":[{"@type":"WebPage","@id":"https:\/\/viroos.vqq.pl\/index.php\/salon-kosmetyczny-jak-wybierac\/lifting-hifu-zabieg-liftingujacy\/","url":"https:\/\/viroos.vqq.pl\/index.php\/salon-kosmetyczny-jak-wybierac\/lifting-hifu-zabieg-liftingujacy\/","name":"Lifting HIFU 4D - Zabieg Liftinguj\u0105cy - viRoos na Vqq","isPartOf":{"@id":"https:\/\/viroos.vqq.pl\/#website"},"primaryImageOfPage":{"@id":"https:\/\/viroos.vqq.pl\/index.php\/salon-kosmetyczny-jak-wybierac\/lifting-hifu-zabieg-liftingujacy\/#primaryimage"},"image":{"@id":"https:\/\/viroos.vqq.pl\/index.php\/salon-kosmetyczny-jak-wybierac\/lifting-hifu-zabieg-liftingujacy\/#primaryimage"},"thumbnailUrl":"https:\/\/viroos.vqq.pl\/wp-content\/uploads\/2025\/01\/Hifu-Opole-efekty-twarz.webp","datePublished":"2025-01-08T16:52:18+00:00","dateModified":"2025-09-01T14:57:43+00:00","description":"lifting HIFU Opole - sprawd\u017a najistotniejsze informacje dotycz\u0105ce tej metody liftingu i zapoznaj si\u0119 z mo\u017cliwo\u015bciami wykonania go w Opole.","breadcrumb":{"@id":"https:\/\/viroos.vqq.pl\/index.php\/salon-kosmetyczny-jak-wybierac\/lifting-hifu-zabieg-liftingujacy\/#breadcrumb"},"inLanguage":"pl-PL","potentialAction":[{"@type":"ReadAction","target":["https:\/\/viroos.vqq.pl\/index.php\/salon-kosmetyczny-jak-wybierac\/lifting-hifu-zabieg-liftingujacy\/"]}]},{"@type":"ImageObject","inLanguage":"pl-PL","@id":"https:\/\/viroos.vqq.pl\/index.php\/salon-kosmetyczny-jak-wybierac\/lifting-hifu-zabieg-liftingujacy\/#primaryimage","url":"https:\/\/viroos.vqq.pl\/wp-content\/uploads\/2025\/01\/Hifu-Opole-efekty-twarz.webp","contentUrl":"https:\/\/viroos.vqq.pl\/wp-content\/uploads\/2025\/01\/Hifu-Opole-efekty-twarz.webp","width":791,"height":451,"caption":"Lifting HIFU 4d"},{"@type":"BreadcrumbList","@id":"https:\/\/viroos.vqq.pl\/index.php\/salon-kosmetyczny-jak-wybierac\/lifting-hifu-zabieg-liftingujacy\/#breadcrumb","itemListElement":[{"@type":"ListItem","position":1,"name":"Strona g\u0142\u00f3wna","item":"https:\/\/viroos.vqq.pl\/"},{"@type":"ListItem","position":2,"name":"Salon kosmetyczny &#8211; jak wybiera\u0107?","item":"https:\/\/viroos.vqq.pl\/index.php\/salon-kosmetyczny-jak-wybierac\/"},{"@type":"ListItem","position":3,"name":"Lifting HIFU 4D &#8211; Zabieg Liftinguj\u0105cy"}]},{"@type":"WebSite","@id":"https:\/\/viroos.vqq.pl\/#website","url":"https:\/\/viroos.vqq.pl\/","name":"vqq.pl","description":"strefa promocji w granicach zdrowego rozs\u0105dku","publisher":{"@id":"https:\/\/viroos.vqq.pl\/#organization"},"potentialAction":[{"@type":"SearchAction","target":{"@type":"EntryPoint","urlTemplate":"https:\/\/viroos.vqq.pl\/?s={search_term_string}"},"query-input":{"@type":"PropertyValueSpecification","valueRequired":true,"valueName":"search_term_string"}}],"inLanguage":"pl-PL"},{"@type":"Organization","@id":"https:\/\/viroos.vqq.pl\/#organization","name":"vqq.pl","url":"https:\/\/viroos.vqq.pl\/","logo":{"@type":"ImageObject","inLanguage":"pl-PL","@id":"https:\/\/viroos.vqq.pl\/#\/schema\/logo\/image\/","url":"https:\/\/viroos.vqq.pl\/wp-content\/uploads\/2025\/01\/vqq-logo.png","contentUrl":"https:\/\/viroos.vqq.pl\/wp-content\/uploads\/2025\/01\/vqq-logo.png","width":526,"height":526,"caption":"vqq.pl"},"image":{"@id":"https:\/\/viroos.vqq.pl\/#\/schema\/logo\/image\/"}}]}},"_links":{"self":[{"href":"https:\/\/viroos.vqq.pl\/index.php\/wp-json\/wp\/v2\/pages\/68","targetHints":{"allow":["GET"]}}],"collection":[{"href":"https:\/\/viroos.vqq.pl\/index.php\/wp-json\/wp\/v2\/pages"}],"about":[{"href":"https:\/\/viroos.vqq.pl\/index.php\/wp-json\/wp\/v2\/types\/page"}],"author":[{"embeddable":true,"href":"https:\/\/viroos.vqq.pl\/index.php\/wp-json\/wp\/v2\/users\/1"}],"replies":[{"embeddable":true,"href":"https:\/\/viroos.vqq.pl\/index.php\/wp-json\/wp\/v2\/comments?post=68"}],"version-history":[{"count":15,"href":"https:\/\/viroos.vqq.pl\/index.php\/wp-json\/wp\/v2\/pages\/68\/revisions"}],"predecessor-version":[{"id":304,"href":"https:\/\/viroos.vqq.pl\/index.php\/wp-json\/wp\/v2\/pages\/68\/revisions\/304"}],"up":[{"embeddable":true,"href":"https:\/\/viroos.vqq.pl\/index.php\/wp-json\/wp\/v2\/pages\/152"}],"wp:featuredmedia":[{"embeddable":true,"href":"https:\/\/viroos.vqq.pl\/index.php\/wp-json\/wp\/v2\/media\/69"}],"wp:attachment":[{"href":"https:\/\/viroos.vqq.pl\/index.php\/wp-json\/wp\/v2\/media?parent=68"}],"curies":[{"name":"wp","href":"https:\/\/api.w.org\/{rel}","templated":true}]}}